{"id":1244,"date":"2015-03-23T13:54:28","date_gmt":"2015-03-23T13:54:28","guid":{"rendered":"https:\/\/koorootmusica.wordpress.com\/?page_id=1244"},"modified":"2015-03-23T13:54:28","modified_gmt":"2015-03-23T13:54:28","slug":"mini-mattheus","status":"publish","type":"page","link":"https:\/\/ootmusica.nl\/?page_id=1244","title":{"rendered":"mini &#8211; Mattheus"},"content":{"rendered":"<p><strong>Het begon met de vraag<\/strong> van het Kleinkoor Ootmarsum\u00a0of wij, Ootmusica, \u00a0onze medewerking wilden verlenen aan het ten gehore brengen van de mini-Mattheus.<\/p>\n<p>Daar hebben wij positief op gereageerd en vanaf begin 2015 zijn wij hard aan het instuderen gegaan.<\/p>\n<p>Beide koren in Ootmarsum zijn dus al maanden bezig met de voorbereidingen voor dit bijzondere concert. In eerste instantie heeft men afzonderlijk gerepeteerd, maar de eerste gezamenlijke repetitie gaf al aan dat de stemverhoudingen prima zijn wat weer resulteert tot een harmonieus geheel. Als enigen in Twente presenteren zij trouwens dit jaar deze <strong>\u2018Mini-Mattheus\u2019<\/strong>.<\/p>\n<p><a href=\"https:\/\/koorootmusica.wordpress.com\/2015-2\/mini-mattheus\/dscn1725-2\/\" rel=\"attachment wp-att-1252\"><img loading=\"lazy\" decoding=\"async\" class=\"alignnone size-medium wp-image-1252\" src=\"https:\/\/ootmusica.nl\/wp-content\/uploads\/2015\/03\/dscn17251-1.jpg?w=300\" alt=\"DSCN1725\" width=\"300\" height=\"225\" srcset=\"https:\/\/ootmusica.nl\/wp-content\/uploads\/2015\/03\/dscn17251-1.jpg 1050w, https:\/\/ootmusica.nl\/wp-content\/uploads\/2015\/03\/dscn17251-1-300x225.jpg 300w, https:\/\/ootmusica.nl\/wp-content\/uploads\/2015\/03\/dscn17251-1-1024x768.jpg 1024w, https:\/\/ootmusica.nl\/wp-content\/uploads\/2015\/03\/dscn17251-1-768x576.jpg 768w\" sizes=\"auto, (max-width: 300px) 100vw, 300px\" \/><\/a>\u00a0<a href=\"https:\/\/koorootmusica.wordpress.com\/2015-2\/mini-mattheus\/dscn1726-2\/\" rel=\"attachment wp-att-1253\"><img loading=\"lazy\" decoding=\"async\" class=\"alignnone size-medium wp-image-1253\" src=\"https:\/\/ootmusica.nl\/wp-content\/uploads\/2015\/03\/dscn17261-1.jpg?w=300\" alt=\"DSCN1726\" width=\"300\" height=\"225\" srcset=\"https:\/\/ootmusica.nl\/wp-content\/uploads\/2015\/03\/dscn17261-1.jpg 1050w, https:\/\/ootmusica.nl\/wp-content\/uploads\/2015\/03\/dscn17261-1-300x225.jpg 300w, https:\/\/ootmusica.nl\/wp-content\/uploads\/2015\/03\/dscn17261-1-1024x768.jpg 1024w, https:\/\/ootmusica.nl\/wp-content\/uploads\/2015\/03\/dscn17261-1-768x576.jpg 768w\" sizes=\"auto, (max-width: 300px) 100vw, 300px\" \/><\/a>\u00a0 <a href=\"https:\/\/koorootmusica.wordpress.com\/2015-2\/mini-mattheus\/dscn1727-2\/\" rel=\"attachment wp-att-1254\"><img loading=\"lazy\" decoding=\"async\" class=\"alignnone size-medium wp-image-1254\" src=\"https:\/\/ootmusica.nl\/wp-content\/uploads\/2015\/03\/dscn17271-1.jpg?w=300\" alt=\"DSCN1727\" width=\"300\" height=\"225\" srcset=\"https:\/\/ootmusica.nl\/wp-content\/uploads\/2015\/03\/dscn17271-1.jpg 1050w, https:\/\/ootmusica.nl\/wp-content\/uploads\/2015\/03\/dscn17271-1-300x225.jpg 300w, https:\/\/ootmusica.nl\/wp-content\/uploads\/2015\/03\/dscn17271-1-1024x768.jpg 1024w, https:\/\/ootmusica.nl\/wp-content\/uploads\/2015\/03\/dscn17271-1-768x576.jpg 768w\" sizes=\"auto, (max-width: 300px) 100vw, 300px\" \/><\/a>\u00a0<a href=\"https:\/\/koorootmusica.wordpress.com\/2015-2\/mini-mattheus\/mm-koorrepetitie\/\" rel=\"attachment wp-att-1258\"><img loading=\"lazy\" decoding=\"async\" class=\"alignnone size-medium wp-image-1258\" src=\"https:\/\/ootmusica.nl\/wp-content\/uploads\/2015\/03\/mm-koorrepetitie-1.jpg?w=300\" alt=\"mm-koorrepetitie\" width=\"300\" height=\"199\" srcset=\"https:\/\/ootmusica.nl\/wp-content\/uploads\/2015\/03\/mm-koorrepetitie-1.jpg 1050w, https:\/\/ootmusica.nl\/wp-content\/uploads\/2015\/03\/mm-koorrepetitie-1-300x199.jpg 300w, https:\/\/ootmusica.nl\/wp-content\/uploads\/2015\/03\/mm-koorrepetitie-1-1024x681.jpg 1024w, https:\/\/ootmusica.nl\/wp-content\/uploads\/2015\/03\/mm-koorrepetitie-1-768x511.jpg 768w\" sizes=\"auto, (max-width: 300px) 100vw, 300px\" \/><\/a><\/p>\n<p>&nbsp;<\/p>\n<p>een interview met onze dirigent, Frans Heijdemann:<\/p>\n<p>(overgenomen uit een artikel van inenomootmarsum)<\/p>\n<p>De dirigent heeft met het \u2018Kleinkoor\u2019 al eens eerder een \u2018Mini-Matth\u00e4us\u2019 of eigenlijk een mini-mini-Matth\u00e4us\u2019 uitgevoerd.<br \/>\n<strong>Dit is dus niet de eerste keer?<br \/>\n<\/strong>\u201c Zeker niet,\u201d is de stellige mening van Frans Heijdemann, die uit eigen ervaring spreekt, \u201dHet Kleinkoor Ootmarsum, dat sinds 2002 al dertien passieconcerten heeft gegeven in Ootmarsum en omstreken, heeft in 2011 een Mini-Matth\u00e4us uitgevoerd. In twee opzichten \u2018mini\u2019: het aantal uitvoerenden (ruim veertig) en de duur van het concert, slechts \u00e9\u00e9n uur, terwijl de complete Matth\u00e4us-Passion wel drie uur duurt. Enthousiaste bezoekers uit Denekamp nodigden het koor uit om daar in 2013 een Mini-Matth\u00e4us uit te voeren. Die was eveneens bescheiden wat betreft de grootte van het koor en orkest, maar duurde ruim anderhalf uur. Vorig jaar hebben Ootmusica en het Kleinkoor Ootmarsum een meezing-Matthe\u00fcs verzorgd in de Protestantse Kerk, waarbij de kerkgangers een aantal koralen konden meezingen. Dit jaar zingen dezelfde twee koren in de Mini-Matth\u00e4us, die dus wat betreft het aantal uitvoerenden niet meer zo minimaal is. Het voordeel hierbij is dat er nu ook delen kunnen worden gezongen, \u00a0waarvoor twee koren vereist zijn. Het Bachorkest Ootmarsum, dat weer aan dit concert meewerkt, is uitgebreid tot meer dan twintig musici. Verder komen er vijf professionele zangsolisten naar Ootmarsum om de veeleisende solorollen in deze Passion te zingen. De selectie uit de tientallen delen van Bachs Matth\u00e4us-Passion is anders dan vier jaar geleden, maar het hele concert zal nog geen anderhalf uur duren, dus aanzienlijk korter dan een complete Passion,\u201d vertelt de muzikaal leider Frans Heijdemann.<\/p>\n<p>Dat brengt ons natuurlijk bij de vraag:\u00a0<strong>\u2018Wat is nu precies de \u00a0Mini-Matth\u00e4us.\u2019<\/strong><strong><br \/>\n<\/strong>\u201cWe kunnen beter zeggen: een Mini-Matth\u00e4us in plaats van de Mini-Matth\u00e4us, want ze bestaan in verschillende vormen. Het gaat om een verkorte uitvoering van de beroemde Matth\u00e4us-Passion van Johann Sebastian Bach. De Matth\u00e4uspassion is in ons land zeldzaam geliefd en wordt in veel plaatsen uitgevoerd. Als muziekkenners het over \u2018de Matth\u00e4us\u2019 hebben, bedoelen ze daarmee de grote Passion van Bach. Maar het is een omvangrijk muziekwerk dat nogal wat eisen stelt en lang duurt. Koren elders in het land zijn daarom met een \u2018Mini-Matth\u00e4us\u2019 gekomen, waarin losse delen uit de Matth\u00e4uspassion worden uitgevoerd, maar soms zo dat geen enkel woord uit het evangelie van Matthe\u00fcs wordt gezongen. In Ootmarsum pakken we dat anders aan: de Mini-Matth\u00e4us bestaat hier uit een aantal op zich complete sc\u00e8nes uit het passieverhaal, waarin zowel de evangelietekst als de bijbehorende aria\u2019s en koralen worden gezongen en dat maakt het in mijn ogen tot een unieke uitvoering,\u201d verhaalt een enthousiaste Frans Heijdemann.<\/p>\n<p>De koren\u00a0 voeren daarbij een zogenaamde \u2018<strong>Mini-Matth\u00e4us<\/strong>\u2019 uit, d.w.z. een verkorte versie van de beroemde Matth\u00e4us-Passion van Johann Sebastian Bach. \u2018Mini\u2019 slaat in de eerste plaats op de lengte: nog geen anderhalf uur is voldoende om enkele kerngedeelten uit het lijdensverhaal te laten horen, met daarbij een aantal hoogtepunten uit de muziek van Bach.<\/p>\n<p>Bij koren in het westen van het land is de Mini-Matth\u00e4us een groot succes gebleken. De aanpak is wel verschillend: bijvoorbeeld in Zaandam werden alleen koralen afgewisseld met wat aria\u2019s gezongen. In Ootmarsum ligt de nadruk op het verhaal van de evangelist Matthe\u00fcs, vertolkt door de Duitse tenor Jens Zumb\u00fclt. Twee bassolisten zingen de rollen van Jezus, Petrus, Judas en Pilatus, terwijl de koren uiteenlopende rollen op zich neemt, zoals Jezus&#8217; leerlingen (discipelen), het opgewonden volk bij het paleis van Pilatus en de toeschouwers bij de kruisiging.<\/p>\n<p>&nbsp;<\/p>\n","protected":false},"excerpt":{"rendered":"<p>Het begon met de vraag van het Kleinkoor Ootmarsum\u00a0of wij, Ootmusica, \u00a0onze medewerking wilden verlenen aan het ten gehore brengen van de mini-Mattheus. Daar hebben wij positief op gereageerd en vanaf begin 2015 zijn wij hard aan het instuderen gegaan. Beide koren in Ootmarsum zijn dus al maanden bezig met de voorbereidingen voor dit bijzondere [&hellip;]<\/p>\n","protected":false},"author":2,"featured_media":0,"parent":1237,"menu_order":1,"comment_status":"open","ping_status":"open","template":"","meta":{"footnotes":""},"class_list":["post-1244","page","type-page","status-publish","hentry"],"_links":{"self":[{"href":"https:\/\/ootmusica.nl\/index.php?rest_route=\/wp\/v2\/pages\/1244","targetHints":{"allow":["GET"]}}],"collection":[{"href":"https:\/\/ootmusica.nl\/index.php?rest_route=\/wp\/v2\/pages"}],"about":[{"href":"https:\/\/ootmusica.nl\/index.php?rest_route=\/wp\/v2\/types\/page"}],"author":[{"embeddable":true,"href":"https:\/\/ootmusica.nl\/index.php?rest_route=\/wp\/v2\/users\/2"}],"replies":[{"embeddable":true,"href":"https:\/\/ootmusica.nl\/index.php?rest_route=%2Fwp%2Fv2%2Fcomments&post=1244"}],"version-history":[{"count":0,"href":"https:\/\/ootmusica.nl\/index.php?rest_route=\/wp\/v2\/pages\/1244\/revisions"}],"up":[{"embeddable":true,"href":"https:\/\/ootmusica.nl\/index.php?rest_route=\/wp\/v2\/pages\/1237"}],"wp:attachment":[{"href":"https:\/\/ootmusica.nl\/index.php?rest_route=%2Fwp%2Fv2%2Fmedia&parent=1244"}],"curies":[{"name":"wp","href":"https:\/\/api.w.org\/{rel}","templated":true}]}}